{"id":1375,"date":"2016-06-21T22:38:18","date_gmt":"2016-06-21T21:38:18","guid":{"rendered":"https:\/\/webuildit.dk\/?page_id=1375"},"modified":"2023-11-17T10:21:45","modified_gmt":"2023-11-17T09:21:45","slug":"services","status":"publish","type":"page","link":"https:\/\/webuildit.dk\/?page_id=1375","title":{"rendered":"Services"},"content":{"rendered":"<div class=\"wpb-content-wrapper\"><p>[vc_row][vc_column width=&#8221;1\/2&#8243;][vc_column_text]<\/p>\n<h1><strong>Cloud Services<\/strong><\/h1>\n<p>Cloud er det mest popul\u00e6re buzzword inden for IT. Men hvad betyder cloud for dig og din virksomhed?<\/p>\n<p>Cloud er ikke en standard hyldevare du kan k\u00f8be, eller et tilvalg du kan &#8220;hakke af&#8221;<\/p>\n<p>Uanset om du har brug for hj\u00e6lp til at udforme en IT-strategi for din virksomhed, eller hj\u00e6lp til at implementere din strategi, st\u00e5r vi klar.Vi l\u00e6gger stor v\u00e6gt p\u00e5 at forst\u00e5 din virksomhed, s\u00e5ledes at implementeringen af cloud services kan underst\u00f8tte, styrke og simplificere virksomheden.[\/vc_column_text][\/vc_column][vc_column width=&#8221;1\/2&#8243;][vc_single_image image=&#8221;1312&#8243; img_size=&#8221;1250&#8243;][\/vc_column][\/vc_row]<\/p>\n<\/div>","protected":false},"excerpt":{"rendered":"<p>[vc_row][vc_column width=&#8221;1\/2&#8243;][vc_column_text] Cloud Services Cloud er det mest popul\u00e6re buzzword inden for IT. Men hvad betyder cloud for dig og din virksomhed? Cloud er ikke en standard hyldevare du kan k\u00f8be, eller et tilvalg du kan &#8220;hakke af&#8221; Uanset om du har brug for hj\u00e6lp til at udforme en IT-strategi for din virksomhed, eller hj\u00e6lp&hellip;<\/p>\n","protected":false},"author":1,"featured_media":0,"parent":0,"menu_order":2,"comment_status":"closed","ping_status":"closed","template":"","meta":{"footnotes":""},"class_list":["post-1375","page","type-page","status-publish","hentry","description-off"],"yoast_head":"<!-- This site is optimized with the Yoast SEO plugin v23.9 - https:\/\/yoast.com\/wordpress\/plugins\/seo\/ -->\n<title>Services - WeBuildIT<\/title>\n<meta name=\"robots\" content=\"index, follow, max-snippet:-1, max-image-preview:large, max-video-preview:-1\" \/>\n<link rel=\"canonical\" href=\"https:\/\/webuildit.dk\/?page_id=1375\" \/>\n<meta property=\"og:locale\" content=\"en_US\" \/>\n<meta property=\"og:type\" content=\"article\" \/>\n<meta property=\"og:title\" content=\"Services - WeBuildIT\" \/>\n<meta property=\"og:description\" content=\"[vc_row][vc_column width=&#8221;1\/2&#8243;][vc_column_text] Cloud Services Cloud er det mest popul\u00e6re buzzword inden for IT. Men hvad betyder cloud for dig og din virksomhed? Cloud er ikke en standard hyldevare du kan k\u00f8be, eller et tilvalg du kan &#8220;hakke af&#8221; Uanset om du har brug for hj\u00e6lp til at udforme en IT-strategi for din virksomhed, eller hj\u00e6lp&hellip;\" \/>\n<meta property=\"og:url\" content=\"https:\/\/webuildit.dk\/?page_id=1375\" \/>\n<meta property=\"og:site_name\" content=\"WeBuildIT\" \/>\n<meta property=\"article:modified_time\" content=\"2023-11-17T09:21:45+00:00\" \/>\n<meta name=\"twitter:card\" content=\"summary_large_image\" \/>\n<meta name=\"twitter:label1\" content=\"Est. reading time\" \/>\n\t<meta name=\"twitter:data1\" content=\"1 minute\" \/>\n<script type=\"application\/ld+json\" class=\"yoast-schema-graph\">{\"@context\":\"https:\/\/schema.org\",\"@graph\":[{\"@type\":\"WebPage\",\"@id\":\"https:\/\/webuildit.dk\/?page_id=1375\",\"url\":\"https:\/\/webuildit.dk\/?page_id=1375\",\"name\":\"Services - WeBuildIT\",\"isPartOf\":{\"@id\":\"https:\/\/webuildit.dk\/#website\"},\"datePublished\":\"2016-06-21T21:38:18+00:00\",\"dateModified\":\"2023-11-17T09:21:45+00:00\",\"breadcrumb\":{\"@id\":\"https:\/\/webuildit.dk\/?page_id=1375#breadcrumb\"},\"inLanguage\":\"en-US\",\"potentialAction\":[{\"@type\":\"ReadAction\",\"target\":[\"https:\/\/webuildit.dk\/?page_id=1375\"]}]},{\"@type\":\"BreadcrumbList\",\"@id\":\"https:\/\/webuildit.dk\/?page_id=1375#breadcrumb\",\"itemListElement\":[{\"@type\":\"ListItem\",\"position\":1,\"name\":\"Home\",\"item\":\"https:\/\/webuildit.dk\/?lang=en\"},{\"@type\":\"ListItem\",\"position\":2,\"name\":\"Services\"}]},{\"@type\":\"WebSite\",\"@id\":\"https:\/\/webuildit.dk\/#website\",\"url\":\"https:\/\/webuildit.dk\/\",\"name\":\"WeBuildIT\",\"description\":\"\",\"potentialAction\":[{\"@type\":\"SearchAction\",\"target\":{\"@type\":\"EntryPoint\",\"urlTemplate\":\"https:\/\/webuildit.dk\/?s={search_term_string}\"},\"query-input\":{\"@type\":\"PropertyValueSpecification\",\"valueRequired\":true,\"valueName\":\"search_term_string\"}}],\"inLanguage\":\"en-US\"}]}<\/script>\n<!-- \/ Yoast SEO plugin. -->","yoast_head_json":{"title":"Services - WeBuildIT","robots":{"index":"index","follow":"follow","max-snippet":"max-snippet:-1","max-image-preview":"max-image-preview:large","max-video-preview":"max-video-preview:-1"},"canonical":"https:\/\/webuildit.dk\/?page_id=1375","og_locale":"en_US","og_type":"article","og_title":"Services - WeBuildIT","og_description":"[vc_row][vc_column width=&#8221;1\/2&#8243;][vc_column_text] Cloud Services Cloud er det mest popul\u00e6re buzzword inden for IT. Men hvad betyder cloud for dig og din virksomhed? Cloud er ikke en standard hyldevare du kan k\u00f8be, eller et tilvalg du kan &#8220;hakke af&#8221; Uanset om du har brug for hj\u00e6lp til at udforme en IT-strategi for din virksomhed, eller hj\u00e6lp&hellip;","og_url":"https:\/\/webuildit.dk\/?page_id=1375","og_site_name":"WeBuildIT","article_modified_time":"2023-11-17T09:21:45+00:00","twitter_card":"summary_large_image","twitter_misc":{"Est. reading time":"1 minute"},"schema":{"@context":"https:\/\/schema.org","@graph":[{"@type":"WebPage","@id":"https:\/\/webuildit.dk\/?page_id=1375","url":"https:\/\/webuildit.dk\/?page_id=1375","name":"Services - WeBuildIT","isPartOf":{"@id":"https:\/\/webuildit.dk\/#website"},"datePublished":"2016-06-21T21:38:18+00:00","dateModified":"2023-11-17T09:21:45+00:00","breadcrumb":{"@id":"https:\/\/webuildit.dk\/?page_id=1375#breadcrumb"},"inLanguage":"en-US","potentialAction":[{"@type":"ReadAction","target":["https:\/\/webuildit.dk\/?page_id=1375"]}]},{"@type":"BreadcrumbList","@id":"https:\/\/webuildit.dk\/?page_id=1375#breadcrumb","itemListElement":[{"@type":"ListItem","position":1,"name":"Home","item":"https:\/\/webuildit.dk\/?lang=en"},{"@type":"ListItem","position":2,"name":"Services"}]},{"@type":"WebSite","@id":"https:\/\/webuildit.dk\/#website","url":"https:\/\/webuildit.dk\/","name":"WeBuildIT","description":"","potentialAction":[{"@type":"SearchAction","target":{"@type":"EntryPoint","urlTemplate":"https:\/\/webuildit.dk\/?s={search_term_string}"},"query-input":{"@type":"PropertyValueSpecification","valueRequired":true,"valueName":"search_term_string"}}],"inLanguage":"en-US"}]}},"jetpack_sharing_enabled":true,"_links":{"self":[{"href":"https:\/\/webuildit.dk\/index.php?rest_route=\/wp\/v2\/pages\/1375","targetHints":{"allow":["GET"]}}],"collection":[{"href":"https:\/\/webuildit.dk\/index.php?rest_route=\/wp\/v2\/pages"}],"about":[{"href":"https:\/\/webuildit.dk\/index.php?rest_route=\/wp\/v2\/types\/page"}],"author":[{"embeddable":true,"href":"https:\/\/webuildit.dk\/index.php?rest_route=\/wp\/v2\/users\/1"}],"replies":[{"embeddable":true,"href":"https:\/\/webuildit.dk\/index.php?rest_route=%2Fwp%2Fv2%2Fcomments&post=1375"}],"version-history":[{"count":8,"href":"https:\/\/webuildit.dk\/index.php?rest_route=\/wp\/v2\/pages\/1375\/revisions"}],"predecessor-version":[{"id":1484,"href":"https:\/\/webuildit.dk\/index.php?rest_route=\/wp\/v2\/pages\/1375\/revisions\/1484"}],"wp:attachment":[{"href":"https:\/\/webuildit.dk\/index.php?rest_route=%2Fwp%2Fv2%2Fmedia&parent=1375"}],"curies":[{"name":"wp","href":"https:\/\/api.w.org\/{rel}","templated":true}]}}